{"id":46,"date":"2017-06-29T20:34:27","date_gmt":"2017-06-29T18:34:27","guid":{"rendered":"https:\/\/www.nicedivers.at\/?page_id=46"},"modified":"2024-09-12T18:09:59","modified_gmt":"2024-09-12T16:09:59","slug":"tauchlehrer","status":"publish","type":"page","link":"https:\/\/www.nicedivers.at\/?page_id=46","title":{"rendered":"Tauchlehrer"},"content":{"rendered":"<p>[et_pb_section fb_built=&#8220;1&#8243; admin_label=&#8220;section&#8220; _builder_version=&#8220;3.22&#8243;][et_pb_row admin_label=&#8220;row&#8220; _builder_version=&#8220;3.25&#8243; background_size=&#8220;initial&#8220; background_position=&#8220;top_left&#8220; background_repeat=&#8220;repeat&#8220;][et_pb_column type=&#8220;4_4&#8243; _builder_version=&#8220;3.25&#8243; custom_padding=&#8220;|||&#8220; custom_padding__hover=&#8220;|||&#8220;][et_pb_team_member name=&#8220;Oliver Amann&#8220; position=&#8220;VEST Tauchlehrer (TL4) CMAS***, Nitrox Instructor Trainer&#8220; image_url=&#8220;https:\/\/www.nicedivers.at\/wp-content\/uploads\/2017\/06\/DSC_0224-e1500219745371.jpg&#8220; admin_label=&#8220;Person&#8220; _builder_version=&#8220;3.0.87&#8243; background_size=&#8220;initial&#8220; background_position=&#8220;top_left&#8220; background_repeat=&#8220;repeat&#8220; use_border_color=&#8220;off&#8220; border_color=&#8220;#ffffff&#8220; border_style=&#8220;solid&#8220;]<\/p>\n<p>Ich tauche seit 1992. Ich habe damals die Ausbildung und Tauchkarriere\u00a0als Rettungstaucher bei der Wasserrettung begonnen.<\/p>\n<p>1997 habe ich die Ausbildung zum Tauchlehrer beim Verband Europ\u00e4ischer Sporttaucher, VEST, abgeschlossen.<\/p>\n<p>Seit den fr\u00fchen 2000er Jahren bin ich auch im Mitglied im Pr\u00e4sidium des VEST und konnte mich aktiv bei Themen wie Ausbildung und Brevetierung einbringen.<\/p>\n<p>Der VEST bildet nach CMAS Standard aus.<\/p>\n<p>Es war immer mein Bestreben den Menschen das Tauchen n\u00e4her zu bringen und sie dabei zu unterst\u00fctzen diesen unvergleichlich sch\u00f6nen Sport sicher auszu\u00fcben.<\/p>\n<p>[\/et_pb_team_member][et_pb_team_member name=&#8220;Ines M\u00fcller&#8220; position=&#8220;VEST Tauchlehrer (TL3) CMAS***, Nitrox Instructor**&#8220; image_url=&#8220;https:\/\/www.nicedivers.at\/wp-content\/uploads\/2024\/06\/inesprofil.jpeg&#8220; admin_label=&#8220;Person&#8220; _builder_version=&#8220;4.5.3&#8243; background_size=&#8220;initial&#8220; background_position=&#8220;top_left&#8220; background_repeat=&#8220;repeat&#8220; use_border_color=&#8220;off&#8220; border_color=&#8220;#ffffff&#8220; border_style=&#8220;solid&#8220;][\/et_pb_team_member][\/et_pb_column][\/et_pb_row][\/et_pb_section]<\/p>\n","protected":false},"excerpt":{"rendered":"<p>Ich tauche seit 1992. Ich habe damals die Ausbildung und Tauchkarriere\u00a0als Rettungstaucher bei der Wasserrettung begonnen. 1997 habe ich die Ausbildung zum Tauchlehrer beim Verband Europ\u00e4ischer Sporttaucher, VEST, abgeschlossen. Seit [&hellip;]<\/p>\n","protected":false},"author":1,"featured_media":0,"parent":0,"menu_order":0,"comment_status":"closed","ping_status":"closed","template":"","meta":{"_et_pb_use_builder":"on","_et_pb_old_content":"","_et_gb_content_width":"","footnotes":""},"class_list":["post-46","page","type-page","status-publish","hentry"],"_links":{"self":[{"href":"https:\/\/www.nicedivers.at\/index.php?rest_route=\/wp\/v2\/pages\/46","targetHints":{"allow":["GET"]}}],"collection":[{"href":"https:\/\/www.nicedivers.at\/index.php?rest_route=\/wp\/v2\/pages"}],"about":[{"href":"https:\/\/www.nicedivers.at\/index.php?rest_route=\/wp\/v2\/types\/page"}],"author":[{"embeddable":true,"href":"https:\/\/www.nicedivers.at\/index.php?rest_route=\/wp\/v2\/users\/1"}],"replies":[{"embeddable":true,"href":"https:\/\/www.nicedivers.at\/index.php?rest_route=%2Fwp%2Fv2%2Fcomments&post=46"}],"version-history":[{"count":8,"href":"https:\/\/www.nicedivers.at\/index.php?rest_route=\/wp\/v2\/pages\/46\/revisions"}],"predecessor-version":[{"id":2087,"href":"https:\/\/www.nicedivers.at\/index.php?rest_route=\/wp\/v2\/pages\/46\/revisions\/2087"}],"wp:attachment":[{"href":"https:\/\/www.nicedivers.at\/index.php?rest_route=%2Fwp%2Fv2%2Fmedia&parent=46"}],"curies":[{"name":"wp","href":"https:\/\/api.w.org\/{rel}","templated":true}]}}